{"id":1001,"date":"2022-01-16T11:20:15","date_gmt":"2022-01-16T11:20:15","guid":{"rendered":"https:\/\/www.taltosdob.hu\/?page_id=1001"},"modified":"2022-05-20T09:27:44","modified_gmt":"2022-05-20T09:27:44","slug":"koszonom","status":"publish","type":"page","link":"https:\/\/www.taltosdob.hu\/index.php\/koszonom\/","title":{"rendered":"K\u00f6sz\u00f6n\u00f6m"},"content":{"rendered":"<p>[et_pb_section fb_built=&#8221;1&#8243; _builder_version=&#8221;4.10.4&#8243; _module_preset=&#8221;default&#8221; background_color=&#8221;#d98115&#8243; background_enable_image=&#8221;off&#8221; custom_margin=&#8221;-7px||-7px||false|false&#8221; custom_padding=&#8221;0px||0px||false|false&#8221; bottom_divider_color=&#8221;#FFFFFF&#8221; bottom_divider_height=&#8221;24px&#8221; border_color_all=&#8221;#a0583c&#8221; border_style_all=&#8221;ridge&#8221; border_color_top=&#8221;#FFFFFF&#8221; border_style_bottom=&#8221;solid&#8221; global_colors_info=&#8221;{}&#8221;][et_pb_row _builder_version=&#8221;4.9.2&#8243; _module_preset=&#8221;default&#8221; custom_padding=&#8221;||19px|||&#8221; global_colors_info=&#8221;{}&#8221;][et_pb_column type=&#8221;4_4&#8243; _builder_version=&#8221;4.9.2&#8243; _module_preset=&#8221;default&#8221; global_colors_info=&#8221;{}&#8221;][et_pb_text _builder_version=&#8221;4.14.6&#8243; _module_preset=&#8221;default&#8221; text_font=&#8221;Akaya Kanadaka||||||||&#8221; text_text_color=&#8221;#FFFFFF&#8221; text_font_size=&#8221;42px&#8221; header_text_color=&#8221;#000000&#8243; header_font_size=&#8221;44px&#8221; header_2_text_color=&#8221;#000000&#8243; global_colors_info=&#8221;{}&#8221;]<\/p>\n<h1 style=\"text-align: left;\">SIKERES ELK\u00dcLD\u00c9S<\/h1>\n<p>[\/et_pb_text][\/et_pb_column][\/et_pb_row][\/et_pb_section][et_pb_section fb_built=&#8221;1&#8243; _builder_version=&#8221;4.10.4&#8243; _module_preset=&#8221;default&#8221; background_color=&#8221;#ddd6cc&#8221; background_enable_image=&#8221;off&#8221; custom_padding=&#8221;16px||47px||false|false&#8221; border_color_top=&#8221;#FFFFFF&#8221; global_colors_info=&#8221;{}&#8221;][et_pb_row column_structure=&#8221;1_5,3_5,1_5&#8243; _builder_version=&#8221;4.10.4&#8243; _module_preset=&#8221;default&#8221; custom_padding=&#8221;0px||||false|false&#8221; global_colors_info=&#8221;{}&#8221;][et_pb_column type=&#8221;1_5&#8243; _builder_version=&#8221;4.9.2&#8243; _module_preset=&#8221;default&#8221; global_colors_info=&#8221;{}&#8221;][\/et_pb_column][et_pb_column type=&#8221;3_5&#8243; _builder_version=&#8221;4.9.2&#8243; _module_preset=&#8221;default&#8221; global_colors_info=&#8221;{}&#8221;][et_pb_text _builder_version=&#8221;4.14.6&#8243; _module_preset=&#8221;default&#8221; text_text_color=&#8221;#383838&#8243; text_font_size=&#8221;21px&#8221; text_line_height=&#8221;1.4em&#8221; header_font_size=&#8221;32px&#8221; header_2_font=&#8221;Akaya Kanadaka||||||||&#8221; header_2_text_color=&#8221;#FFFFFF&#8221; header_2_font_size=&#8221;42px&#8221; custom_padding=&#8221;16px|||||&#8221; global_colors_info=&#8221;{}&#8221;]<\/p>\n<div id=\"main\">\n<div id=\"primary\">\n<div id=\"content\" role=\"main\">\n<article id=\"post-14\" class=\"post-14 page type-page status-publish hentry\">\n<div class=\"entry-content\">\n<p align=\"center\">K\u00f6sz\u00f6nj\u00fck, hogy \u00fczenetet k\u00fcld\u00f6tt nek\u00fcnk!<\/p>\n<p align=\"center\">Hamarosan v\u00e1laszolni fogunk.<\/p>\n<p align=\"center\">A dobcsapat.<\/p>\n<\/div>\n<\/article>\n<\/div>\n<\/div>\n<\/div>\n<p>[\/et_pb_text][\/et_pb_column][et_pb_column type=&#8221;1_5&#8243; _builder_version=&#8221;4.9.2&#8243; _module_preset=&#8221;default&#8221; global_colors_info=&#8221;{}&#8221;][\/et_pb_column][\/et_pb_row][\/et_pb_section]<\/p>\n","protected":false},"excerpt":{"rendered":"<p>SIKERES ELK\u00dcLD\u00c9S K\u00f6sz\u00f6nj\u00fck, hogy \u00fczenetet k\u00fcld\u00f6tt nek\u00fcnk! Hamarosan v\u00e1laszolni fogunk. A dobcsapat.<\/p>\n","protected":false},"author":3,"featured_media":0,"parent":0,"menu_order":0,"comment_status":"closed","ping_status":"closed","template":"","meta":{"_et_pb_use_builder":"on","_et_pb_old_content":"","_et_gb_content_width":"","ngg_post_thumbnail":0,"footnotes":""},"class_list":["post-1001","page","type-page","status-publish","hentry"],"yoast_head":"<!-- This site is optimized with the Yoast SEO plugin v27.5 - https:\/\/yoast.com\/product\/yoast-seo-wordpress\/ -->\n<title>K\u00f6sz\u00f6n\u00f6m - Reg\u00e9l\u0151 Feh\u00e9r T\u00e1ltos Dobcsapat<\/title>\n<meta name=\"robots\" content=\"index, follow, max-snippet:-1, max-image-preview:large, max-video-preview:-1\" \/>\n<link rel=\"canonical\" href=\"https:\/\/www.taltosdob.hu\/index.php\/koszonom\/\" \/>\n<meta property=\"og:locale\" content=\"hu_HU\" \/>\n<meta property=\"og:type\" content=\"article\" \/>\n<meta property=\"og:title\" content=\"K\u00f6sz\u00f6n\u00f6m - Reg\u00e9l\u0151 Feh\u00e9r T\u00e1ltos Dobcsapat\" \/>\n<meta property=\"og:description\" content=\"SIKERES ELK\u00dcLD\u00c9S K\u00f6sz\u00f6nj\u00fck, hogy \u00fczenetet k\u00fcld\u00f6tt nek\u00fcnk! Hamarosan v\u00e1laszolni fogunk. A dobcsapat.\" \/>\n<meta property=\"og:url\" content=\"https:\/\/www.taltosdob.hu\/index.php\/koszonom\/\" \/>\n<meta property=\"og:site_name\" content=\"Reg\u00e9l\u0151 Feh\u00e9r T\u00e1ltos Dobcsapat\" \/>\n<meta property=\"article:modified_time\" content=\"2022-05-20T09:27:44+00:00\" \/>\n<meta name=\"twitter:card\" content=\"summary_large_image\" \/>\n<meta name=\"twitter:label1\" content=\"Becs\u00fclt olvas\u00e1si id\u0151\" \/>\n\t<meta name=\"twitter:data1\" content=\"1 perc\" \/>\n<script type=\"application\/ld+json\" class=\"yoast-schema-graph\">{\"@context\":\"https:\\\/\\\/schema.org\",\"@graph\":[{\"@type\":\"WebPage\",\"@id\":\"https:\\\/\\\/www.taltosdob.hu\\\/index.php\\\/koszonom\\\/\",\"url\":\"https:\\\/\\\/www.taltosdob.hu\\\/index.php\\\/koszonom\\\/\",\"name\":\"K\u00f6sz\u00f6n\u00f6m - Reg\u00e9l\u0151 Feh\u00e9r T\u00e1ltos Dobcsapat\",\"isPartOf\":{\"@id\":\"https:\\\/\\\/www.taltosdob.hu\\\/#website\"},\"datePublished\":\"2022-01-16T11:20:15+00:00\",\"dateModified\":\"2022-05-20T09:27:44+00:00\",\"breadcrumb\":{\"@id\":\"https:\\\/\\\/www.taltosdob.hu\\\/index.php\\\/koszonom\\\/#breadcrumb\"},\"inLanguage\":\"hu\",\"potentialAction\":[{\"@type\":\"ReadAction\",\"target\":[\"https:\\\/\\\/www.taltosdob.hu\\\/index.php\\\/koszonom\\\/\"]}]},{\"@type\":\"BreadcrumbList\",\"@id\":\"https:\\\/\\\/www.taltosdob.hu\\\/index.php\\\/koszonom\\\/#breadcrumb\",\"itemListElement\":[{\"@type\":\"ListItem\",\"position\":1,\"name\":\"Kezd\u0151lap\",\"item\":\"https:\\\/\\\/www.taltosdob.hu\\\/\"},{\"@type\":\"ListItem\",\"position\":2,\"name\":\"K\u00f6sz\u00f6n\u00f6m\"}]},{\"@type\":\"WebSite\",\"@id\":\"https:\\\/\\\/www.taltosdob.hu\\\/#website\",\"url\":\"https:\\\/\\\/www.taltosdob.hu\\\/\",\"name\":\"Reg\u00e9l\u0151 Feh\u00e9r T\u00e1ltos Dobcsapat\",\"description\":\"...egy \u00fajabb WordPress honlap...\",\"potentialAction\":[{\"@type\":\"SearchAction\",\"target\":{\"@type\":\"EntryPoint\",\"urlTemplate\":\"https:\\\/\\\/www.taltosdob.hu\\\/?s={search_term_string}\"},\"query-input\":{\"@type\":\"PropertyValueSpecification\",\"valueRequired\":true,\"valueName\":\"search_term_string\"}}],\"inLanguage\":\"hu\"}]}<\/script>\n<!-- \/ Yoast SEO plugin. -->","yoast_head_json":{"title":"K\u00f6sz\u00f6n\u00f6m - Reg\u00e9l\u0151 Feh\u00e9r T\u00e1ltos Dobcsapat","robots":{"index":"index","follow":"follow","max-snippet":"max-snippet:-1","max-image-preview":"max-image-preview:large","max-video-preview":"max-video-preview:-1"},"canonical":"https:\/\/www.taltosdob.hu\/index.php\/koszonom\/","og_locale":"hu_HU","og_type":"article","og_title":"K\u00f6sz\u00f6n\u00f6m - Reg\u00e9l\u0151 Feh\u00e9r T\u00e1ltos Dobcsapat","og_description":"SIKERES ELK\u00dcLD\u00c9S K\u00f6sz\u00f6nj\u00fck, hogy \u00fczenetet k\u00fcld\u00f6tt nek\u00fcnk! Hamarosan v\u00e1laszolni fogunk. A dobcsapat.","og_url":"https:\/\/www.taltosdob.hu\/index.php\/koszonom\/","og_site_name":"Reg\u00e9l\u0151 Feh\u00e9r T\u00e1ltos Dobcsapat","article_modified_time":"2022-05-20T09:27:44+00:00","twitter_card":"summary_large_image","twitter_misc":{"Becs\u00fclt olvas\u00e1si id\u0151":"1 perc"},"schema":{"@context":"https:\/\/schema.org","@graph":[{"@type":"WebPage","@id":"https:\/\/www.taltosdob.hu\/index.php\/koszonom\/","url":"https:\/\/www.taltosdob.hu\/index.php\/koszonom\/","name":"K\u00f6sz\u00f6n\u00f6m - Reg\u00e9l\u0151 Feh\u00e9r T\u00e1ltos Dobcsapat","isPartOf":{"@id":"https:\/\/www.taltosdob.hu\/#website"},"datePublished":"2022-01-16T11:20:15+00:00","dateModified":"2022-05-20T09:27:44+00:00","breadcrumb":{"@id":"https:\/\/www.taltosdob.hu\/index.php\/koszonom\/#breadcrumb"},"inLanguage":"hu","potentialAction":[{"@type":"ReadAction","target":["https:\/\/www.taltosdob.hu\/index.php\/koszonom\/"]}]},{"@type":"BreadcrumbList","@id":"https:\/\/www.taltosdob.hu\/index.php\/koszonom\/#breadcrumb","itemListElement":[{"@type":"ListItem","position":1,"name":"Kezd\u0151lap","item":"https:\/\/www.taltosdob.hu\/"},{"@type":"ListItem","position":2,"name":"K\u00f6sz\u00f6n\u00f6m"}]},{"@type":"WebSite","@id":"https:\/\/www.taltosdob.hu\/#website","url":"https:\/\/www.taltosdob.hu\/","name":"Reg\u00e9l\u0151 Feh\u00e9r T\u00e1ltos Dobcsapat","description":"...egy \u00fajabb WordPress honlap...","potentialAction":[{"@type":"SearchAction","target":{"@type":"EntryPoint","urlTemplate":"https:\/\/www.taltosdob.hu\/?s={search_term_string}"},"query-input":{"@type":"PropertyValueSpecification","valueRequired":true,"valueName":"search_term_string"}}],"inLanguage":"hu"}]}},"_links":{"self":[{"href":"https:\/\/www.taltosdob.hu\/index.php\/wp-json\/wp\/v2\/pages\/1001","targetHints":{"allow":["GET"]}}],"collection":[{"href":"https:\/\/www.taltosdob.hu\/index.php\/wp-json\/wp\/v2\/pages"}],"about":[{"href":"https:\/\/www.taltosdob.hu\/index.php\/wp-json\/wp\/v2\/types\/page"}],"author":[{"embeddable":true,"href":"https:\/\/www.taltosdob.hu\/index.php\/wp-json\/wp\/v2\/users\/3"}],"replies":[{"embeddable":true,"href":"https:\/\/www.taltosdob.hu\/index.php\/wp-json\/wp\/v2\/comments?post=1001"}],"version-history":[{"count":4,"href":"https:\/\/www.taltosdob.hu\/index.php\/wp-json\/wp\/v2\/pages\/1001\/revisions"}],"predecessor-version":[{"id":1233,"href":"https:\/\/www.taltosdob.hu\/index.php\/wp-json\/wp\/v2\/pages\/1001\/revisions\/1233"}],"wp:attachment":[{"href":"https:\/\/www.taltosdob.hu\/index.php\/wp-json\/wp\/v2\/media?parent=1001"}],"curies":[{"name":"wp","href":"https:\/\/api.w.org\/{rel}","templated":true}]}}