{"id":812,"date":"2021-10-19T14:59:12","date_gmt":"2021-10-19T14:59:12","guid":{"rendered":"https:\/\/d.wbsprt.com\/taltosdob.hu\/?page_id=812"},"modified":"2023-05-30T09:36:10","modified_gmt":"2023-05-30T09:36:10","slug":"szervezoknek","status":"publish","type":"page","link":"https:\/\/www.taltosdob.hu\/index.php\/bemutatkozas\/szervezoknek\/","title":{"rendered":"SZERVEZ\u0150KNEK"},"content":{"rendered":"<p>[et_pb_section fb_built=&#8221;1&#8243; _builder_version=&#8221;4.10.4&#8243; _module_preset=&#8221;default&#8221; background_color=&#8221;#d98115&#8243; background_enable_image=&#8221;off&#8221; custom_margin=&#8221;-7px||-7px||false|false&#8221; custom_padding=&#8221;0px||0px||false|false&#8221; bottom_divider_color=&#8221;#FFFFFF&#8221; bottom_divider_height=&#8221;24px&#8221; border_color_all=&#8221;#a0583c&#8221; border_style_all=&#8221;ridge&#8221; border_color_top=&#8221;#FFFFFF&#8221; border_style_bottom=&#8221;solid&#8221; global_colors_info=&#8221;{}&#8221;][et_pb_row _builder_version=&#8221;4.9.2&#8243; _module_preset=&#8221;default&#8221; custom_padding=&#8221;||19px|||&#8221; global_colors_info=&#8221;{}&#8221;][et_pb_column type=&#8221;4_4&#8243; _builder_version=&#8221;4.9.2&#8243; _module_preset=&#8221;default&#8221; global_colors_info=&#8221;{}&#8221;][et_pb_text _builder_version=&#8221;4.10.4&#8243; _module_preset=&#8221;default&#8221; text_font=&#8221;Akaya Kanadaka||||||||&#8221; text_text_color=&#8221;#FFFFFF&#8221; text_font_size=&#8221;42px&#8221; header_text_color=&#8221;#000000&#8243; header_font_size=&#8221;44px&#8221; header_2_text_color=&#8221;#000000&#8243; global_colors_info=&#8221;{}&#8221;]<\/p>\n<h1 style=\"text-align: left;\">SZERVEZ\u0150KNEK<\/h1>\n<p>[\/et_pb_text][\/et_pb_column][\/et_pb_row][\/et_pb_section][et_pb_section fb_built=&#8221;1&#8243; _builder_version=&#8221;4.10.4&#8243; _module_preset=&#8221;default&#8221; background_color=&#8221;rgba(255,255,255,0.6)&#8221; background_image=&#8221;https:\/\/d.wbsprt.com\/taltosdob.hu\/wp-content\/uploads\/2021\/09\/Regelo-Feher-Taltos-Dobcsapat-Textura_vizszintes.jpg&#8221; custom_padding=&#8221;60px||43px|||&#8221; border_color_top=&#8221;#d98115&#8243; border_color_bottom=&#8221;#a0583c&#8221; global_colors_info=&#8221;{}&#8221;][et_pb_row column_structure=&#8221;1_5,3_5,1_5&#8243; _builder_version=&#8221;4.9.2&#8243; _module_preset=&#8221;default&#8221; background_color=&#8221;RGBA(0,0,0,0)&#8221; custom_margin=&#8221;18px|auto||auto||&#8221; custom_padding=&#8221;18px||16px|||&#8221; global_colors_info=&#8221;{}&#8221;][et_pb_column type=&#8221;1_5&#8243; _builder_version=&#8221;4.9.2&#8243; _module_preset=&#8221;default&#8221; global_colors_info=&#8221;{}&#8221;][\/et_pb_column][et_pb_column type=&#8221;3_5&#8243; _builder_version=&#8221;4.9.2&#8243; _module_preset=&#8221;default&#8221; global_colors_info=&#8221;{}&#8221;][et_pb_text _builder_version=&#8221;4.10.4&#8243; _module_preset=&#8221;default&#8221; text_font=&#8221;||||||||&#8221; text_text_color=&#8221;#ddd6cc&#8221; text_font_size=&#8221;20px&#8221; text_line_height=&#8221;1.4em&#8221; global_colors_info=&#8221;{}&#8221;]<\/p>\n<p style=\"text-align: center;\"><strong>LET\u00d6LTHET\u0150 DOKUMENTUMOK<\/strong><\/p>\n<p>[\/et_pb_text][\/et_pb_column][et_pb_column type=&#8221;1_5&#8243; _builder_version=&#8221;4.9.2&#8243; _module_preset=&#8221;default&#8221; global_colors_info=&#8221;{}&#8221;][\/et_pb_column][\/et_pb_row][et_pb_row column_structure=&#8221;1_2,1_2&#8243; _builder_version=&#8221;4.9.2&#8243; _module_preset=&#8221;default&#8221; global_colors_info=&#8221;{}&#8221;][et_pb_column type=&#8221;1_2&#8243; _builder_version=&#8221;4.9.2&#8243; _module_preset=&#8221;default&#8221; global_colors_info=&#8221;{}&#8221;][et_pb_button button_url=&#8221;https:\/\/www.taltosdob.hu\/wp-content\/uploads\/2021\/11\/Regelo-Feher-Taltosdob-rider.pdf&#8221; url_new_window=&#8221;on&#8221; button_text=&#8221;Technikai ig\u00e9nyliste (rider)&#8221; button_alignment=&#8221;center&#8221; _builder_version=&#8221;4.14.9&#8243; _module_preset=&#8221;default&#8221; hover_enabled=&#8221;0&#8243; global_colors_info=&#8221;{}&#8221; sticky_enabled=&#8221;0&#8243;][\/et_pb_button][\/et_pb_column][et_pb_column type=&#8221;1_2&#8243; _builder_version=&#8221;4.9.2&#8243; _module_preset=&#8221;default&#8221; global_colors_info=&#8221;{}&#8221;][et_pb_button button_url=&#8221;https:\/\/www.taltosdob.hu\/wp-content\/uploads\/2021\/11\/Rider_Szinpad-technika_Regelo-Feher-Taltosdob.png&#8221; url_new_window=&#8221;on&#8221; button_text=&#8221;Mikrofonok elhelyez\u00e9se&#8221; button_alignment=&#8221;center&#8221; _builder_version=&#8221;4.14.9&#8243; _module_preset=&#8221;default&#8221; hover_enabled=&#8221;0&#8243; global_colors_info=&#8221;{}&#8221; sticky_enabled=&#8221;0&#8243;][\/et_pb_button][\/et_pb_column][\/et_pb_row][\/et_pb_section]<\/p>\n","protected":false},"excerpt":{"rendered":"<p>SZERVEZ\u0150KNEKLET\u00d6LTHET\u0150 DOKUMENTUMOK<\/p>\n","protected":false},"author":1,"featured_media":0,"parent":342,"menu_order":0,"comment_status":"closed","ping_status":"closed","template":"","meta":{"_et_pb_use_builder":"on","_et_pb_old_content":"","_et_gb_content_width":"","ngg_post_thumbnail":0,"footnotes":""},"class_list":["post-812","page","type-page","status-publish","hentry"],"yoast_head":"<!-- This site is optimized with the Yoast SEO plugin v27.5 - https:\/\/yoast.com\/product\/yoast-seo-wordpress\/ -->\n<title>SZERVEZ\u0150KNEK - Reg\u00e9l\u0151 Feh\u00e9r T\u00e1ltos Dobcsapat<\/title>\n<meta name=\"robots\" content=\"index, follow, max-snippet:-1, max-image-preview:large, max-video-preview:-1\" \/>\n<link rel=\"canonical\" href=\"https:\/\/www.taltosdob.hu\/index.php\/bemutatkozas\/szervezoknek\/\" \/>\n<meta property=\"og:locale\" content=\"hu_HU\" \/>\n<meta property=\"og:type\" content=\"article\" \/>\n<meta property=\"og:title\" content=\"SZERVEZ\u0150KNEK - Reg\u00e9l\u0151 Feh\u00e9r T\u00e1ltos Dobcsapat\" \/>\n<meta property=\"og:description\" content=\"SZERVEZ\u0150KNEKLET\u00d6LTHET\u0150 DOKUMENTUMOK\" \/>\n<meta property=\"og:url\" content=\"https:\/\/www.taltosdob.hu\/index.php\/bemutatkozas\/szervezoknek\/\" \/>\n<meta property=\"og:site_name\" content=\"Reg\u00e9l\u0151 Feh\u00e9r T\u00e1ltos Dobcsapat\" \/>\n<meta property=\"article:modified_time\" content=\"2023-05-30T09:36:10+00:00\" \/>\n<meta name=\"twitter:card\" content=\"summary_large_image\" \/>\n<meta name=\"twitter:label1\" content=\"Becs\u00fclt olvas\u00e1si id\u0151\" \/>\n\t<meta name=\"twitter:data1\" content=\"1 perc\" \/>\n<script type=\"application\/ld+json\" class=\"yoast-schema-graph\">{\"@context\":\"https:\\\/\\\/schema.org\",\"@graph\":[{\"@type\":\"WebPage\",\"@id\":\"https:\\\/\\\/www.taltosdob.hu\\\/index.php\\\/bemutatkozas\\\/szervezoknek\\\/\",\"url\":\"https:\\\/\\\/www.taltosdob.hu\\\/index.php\\\/bemutatkozas\\\/szervezoknek\\\/\",\"name\":\"SZERVEZ\u0150KNEK - Reg\u00e9l\u0151 Feh\u00e9r T\u00e1ltos Dobcsapat\",\"isPartOf\":{\"@id\":\"https:\\\/\\\/www.taltosdob.hu\\\/#website\"},\"datePublished\":\"2021-10-19T14:59:12+00:00\",\"dateModified\":\"2023-05-30T09:36:10+00:00\",\"breadcrumb\":{\"@id\":\"https:\\\/\\\/www.taltosdob.hu\\\/index.php\\\/bemutatkozas\\\/szervezoknek\\\/#breadcrumb\"},\"inLanguage\":\"hu\",\"potentialAction\":[{\"@type\":\"ReadAction\",\"target\":[\"https:\\\/\\\/www.taltosdob.hu\\\/index.php\\\/bemutatkozas\\\/szervezoknek\\\/\"]}]},{\"@type\":\"BreadcrumbList\",\"@id\":\"https:\\\/\\\/www.taltosdob.hu\\\/index.php\\\/bemutatkozas\\\/szervezoknek\\\/#breadcrumb\",\"itemListElement\":[{\"@type\":\"ListItem\",\"position\":1,\"name\":\"Kezd\u0151lap\",\"item\":\"https:\\\/\\\/www.taltosdob.hu\\\/\"},{\"@type\":\"ListItem\",\"position\":2,\"name\":\"Bemutatkoz\u00e1s\",\"item\":\"https:\\\/\\\/www.taltosdob.hu\\\/index.php\\\/bemutatkozas\\\/\"},{\"@type\":\"ListItem\",\"position\":3,\"name\":\"SZERVEZ\u0150KNEK\"}]},{\"@type\":\"WebSite\",\"@id\":\"https:\\\/\\\/www.taltosdob.hu\\\/#website\",\"url\":\"https:\\\/\\\/www.taltosdob.hu\\\/\",\"name\":\"Reg\u00e9l\u0151 Feh\u00e9r T\u00e1ltos Dobcsapat\",\"description\":\"...egy \u00fajabb WordPress honlap...\",\"potentialAction\":[{\"@type\":\"SearchAction\",\"target\":{\"@type\":\"EntryPoint\",\"urlTemplate\":\"https:\\\/\\\/www.taltosdob.hu\\\/?s={search_term_string}\"},\"query-input\":{\"@type\":\"PropertyValueSpecification\",\"valueRequired\":true,\"valueName\":\"search_term_string\"}}],\"inLanguage\":\"hu\"}]}<\/script>\n<!-- \/ Yoast SEO plugin. -->","yoast_head_json":{"title":"SZERVEZ\u0150KNEK - Reg\u00e9l\u0151 Feh\u00e9r T\u00e1ltos Dobcsapat","robots":{"index":"index","follow":"follow","max-snippet":"max-snippet:-1","max-image-preview":"max-image-preview:large","max-video-preview":"max-video-preview:-1"},"canonical":"https:\/\/www.taltosdob.hu\/index.php\/bemutatkozas\/szervezoknek\/","og_locale":"hu_HU","og_type":"article","og_title":"SZERVEZ\u0150KNEK - Reg\u00e9l\u0151 Feh\u00e9r T\u00e1ltos Dobcsapat","og_description":"SZERVEZ\u0150KNEKLET\u00d6LTHET\u0150 DOKUMENTUMOK","og_url":"https:\/\/www.taltosdob.hu\/index.php\/bemutatkozas\/szervezoknek\/","og_site_name":"Reg\u00e9l\u0151 Feh\u00e9r T\u00e1ltos Dobcsapat","article_modified_time":"2023-05-30T09:36:10+00:00","twitter_card":"summary_large_image","twitter_misc":{"Becs\u00fclt olvas\u00e1si id\u0151":"1 perc"},"schema":{"@context":"https:\/\/schema.org","@graph":[{"@type":"WebPage","@id":"https:\/\/www.taltosdob.hu\/index.php\/bemutatkozas\/szervezoknek\/","url":"https:\/\/www.taltosdob.hu\/index.php\/bemutatkozas\/szervezoknek\/","name":"SZERVEZ\u0150KNEK - Reg\u00e9l\u0151 Feh\u00e9r T\u00e1ltos Dobcsapat","isPartOf":{"@id":"https:\/\/www.taltosdob.hu\/#website"},"datePublished":"2021-10-19T14:59:12+00:00","dateModified":"2023-05-30T09:36:10+00:00","breadcrumb":{"@id":"https:\/\/www.taltosdob.hu\/index.php\/bemutatkozas\/szervezoknek\/#breadcrumb"},"inLanguage":"hu","potentialAction":[{"@type":"ReadAction","target":["https:\/\/www.taltosdob.hu\/index.php\/bemutatkozas\/szervezoknek\/"]}]},{"@type":"BreadcrumbList","@id":"https:\/\/www.taltosdob.hu\/index.php\/bemutatkozas\/szervezoknek\/#breadcrumb","itemListElement":[{"@type":"ListItem","position":1,"name":"Kezd\u0151lap","item":"https:\/\/www.taltosdob.hu\/"},{"@type":"ListItem","position":2,"name":"Bemutatkoz\u00e1s","item":"https:\/\/www.taltosdob.hu\/index.php\/bemutatkozas\/"},{"@type":"ListItem","position":3,"name":"SZERVEZ\u0150KNEK"}]},{"@type":"WebSite","@id":"https:\/\/www.taltosdob.hu\/#website","url":"https:\/\/www.taltosdob.hu\/","name":"Reg\u00e9l\u0151 Feh\u00e9r T\u00e1ltos Dobcsapat","description":"...egy \u00fajabb WordPress honlap...","potentialAction":[{"@type":"SearchAction","target":{"@type":"EntryPoint","urlTemplate":"https:\/\/www.taltosdob.hu\/?s={search_term_string}"},"query-input":{"@type":"PropertyValueSpecification","valueRequired":true,"valueName":"search_term_string"}}],"inLanguage":"hu"}]}},"_links":{"self":[{"href":"https:\/\/www.taltosdob.hu\/index.php\/wp-json\/wp\/v2\/pages\/812","targetHints":{"allow":["GET"]}}],"collection":[{"href":"https:\/\/www.taltosdob.hu\/index.php\/wp-json\/wp\/v2\/pages"}],"about":[{"href":"https:\/\/www.taltosdob.hu\/index.php\/wp-json\/wp\/v2\/types\/page"}],"author":[{"embeddable":true,"href":"https:\/\/www.taltosdob.hu\/index.php\/wp-json\/wp\/v2\/users\/1"}],"replies":[{"embeddable":true,"href":"https:\/\/www.taltosdob.hu\/index.php\/wp-json\/wp\/v2\/comments?post=812"}],"version-history":[{"count":17,"href":"https:\/\/www.taltosdob.hu\/index.php\/wp-json\/wp\/v2\/pages\/812\/revisions"}],"predecessor-version":[{"id":1292,"href":"https:\/\/www.taltosdob.hu\/index.php\/wp-json\/wp\/v2\/pages\/812\/revisions\/1292"}],"up":[{"embeddable":true,"href":"https:\/\/www.taltosdob.hu\/index.php\/wp-json\/wp\/v2\/pages\/342"}],"wp:attachment":[{"href":"https:\/\/www.taltosdob.hu\/index.php\/wp-json\/wp\/v2\/media?parent=812"}],"curies":[{"name":"wp","href":"https:\/\/api.w.org\/{rel}","templated":true}]}}