{"id":927,"date":"2021-11-01T17:41:44","date_gmt":"2021-11-01T17:41:44","guid":{"rendered":"https:\/\/d.wbsprt.com\/taltosdob.hu\/?page_id=927"},"modified":"2021-11-01T17:44:38","modified_gmt":"2021-11-01T17:44:38","slug":"kepgaleria-archivum-2013-julius-21","status":"publish","type":"page","link":"https:\/\/www.taltosdob.hu\/index.php\/kepgaleria-archivum-2013-julius-21\/","title":{"rendered":"K\u00e9pgal\u00e9ria arch\u00edvum &#8211; 2013 j\u00falius 21"},"content":{"rendered":"<p>[et_pb_section fb_built=&#8221;1&#8243; _builder_version=&#8221;4.10.4&#8243; _module_preset=&#8221;default&#8221; background_color=&#8221;#d98115&#8243; background_enable_image=&#8221;off&#8221; custom_margin=&#8221;-7px||-7px||false|false&#8221; custom_padding=&#8221;0px||0px||false|false&#8221; bottom_divider_color=&#8221;#FFFFFF&#8221; bottom_divider_height=&#8221;24px&#8221; border_color_all=&#8221;#a0583c&#8221; border_style_all=&#8221;ridge&#8221; border_color_top=&#8221;#FFFFFF&#8221; border_style_bottom=&#8221;solid&#8221; global_colors_info=&#8221;{}&#8221;][et_pb_row _builder_version=&#8221;4.9.2&#8243; _module_preset=&#8221;default&#8221; custom_padding=&#8221;||19px|||&#8221; global_colors_info=&#8221;{}&#8221;][et_pb_column type=&#8221;4_4&#8243; _builder_version=&#8221;4.9.2&#8243; _module_preset=&#8221;default&#8221; global_colors_info=&#8221;{}&#8221;][et_pb_text _builder_version=&#8221;4.10.4&#8243; _module_preset=&#8221;default&#8221; text_font=&#8221;Akaya Kanadaka||||||||&#8221; text_text_color=&#8221;#FFFFFF&#8221; text_font_size=&#8221;42px&#8221; header_text_color=&#8221;#000000&#8243; header_font_size=&#8221;44px&#8221; header_2_text_color=&#8221;#000000&#8243; global_colors_info=&#8221;{}&#8221;]<\/p>\n<h1 style=\"text-align: left;\">GAL\u00c9RIA<\/h1>\n<p>[\/et_pb_text][\/et_pb_column][\/et_pb_row][\/et_pb_section][et_pb_section fb_built=&#8221;1&#8243; _builder_version=&#8221;4.10.4&#8243; _module_preset=&#8221;default&#8221; background_color=&#8221;#ddd6cc&#8221; background_enable_image=&#8221;off&#8221; custom_padding=&#8221;50px||50px|||&#8221; border_color_top=&#8221;#a0583c&#8221; border_color_bottom=&#8221;#a0583c&#8221; global_colors_info=&#8221;{}&#8221;][et_pb_row _builder_version=&#8221;4.9.2&#8243; _module_preset=&#8221;default&#8221; background_color=&#8221;RGBA(0,0,0,0)&#8221; custom_padding=&#8221;18px||16px|||&#8221; global_colors_info=&#8221;{}&#8221;][et_pb_column type=&#8221;4_4&#8243; _builder_version=&#8221;4.9.2&#8243; _module_preset=&#8221;default&#8221; global_colors_info=&#8221;{}&#8221;][et_pb_text _builder_version=&#8221;4.12.0&#8243; _module_preset=&#8221;default&#8221; text_text_color=&#8221;#383838&#8243; text_font_size=&#8221;21px&#8221; header_2_text_color=&#8221;#383838&#8243; global_colors_info=&#8221;{}&#8221;]<\/p>\n<h2 style=\"text-align: center;\">2013. j\u00falius 21.<\/h2>\n<p style=\"text-align: center;\">Ami\u00e9rt a harang sz\u00f3l \u2013 N\u00e1ndorfeh\u00e9rv\u00e1r 1456<\/p>\n<p>[\/et_pb_text][et_pb_text _builder_version=&#8221;4.12.0&#8243; _module_preset=&#8221;default&#8221; hover_enabled=&#8221;0&#8243; global_colors_info=&#8221;{}&#8221; sticky_enabled=&#8221;0&#8243;]<\/p>\nngg_shortcode_0_placeholder\n<p>[\/et_pb_text][\/et_pb_column][\/et_pb_row][\/et_pb_section]<\/p>\n","protected":false},"excerpt":{"rendered":"<p>GAL\u00c9RIA2013. j\u00falius 21. Ami\u00e9rt a harang sz\u00f3l \u2013 N\u00e1ndorfeh\u00e9rv\u00e1r 1456<\/p>\n","protected":false},"author":1,"featured_media":0,"parent":0,"menu_order":0,"comment_status":"closed","ping_status":"closed","template":"","meta":{"_et_pb_use_builder":"on","_et_pb_old_content":"","_et_gb_content_width":"","ngg_post_thumbnail":0,"footnotes":""},"class_list":["post-927","page","type-page","status-publish","hentry"],"yoast_head":"<!-- This site is optimized with the Yoast SEO plugin v27.5 - https:\/\/yoast.com\/product\/yoast-seo-wordpress\/ -->\n<title>K\u00e9pgal\u00e9ria arch\u00edvum - 2013 j\u00falius 21 - Reg\u00e9l\u0151 Feh\u00e9r T\u00e1ltos Dobcsapat<\/title>\n<meta name=\"robots\" content=\"index, follow, max-snippet:-1, max-image-preview:large, max-video-preview:-1\" \/>\n<link rel=\"canonical\" href=\"https:\/\/www.taltosdob.hu\/index.php\/kepgaleria-archivum-2013-julius-21\/\" \/>\n<meta property=\"og:locale\" content=\"hu_HU\" \/>\n<meta property=\"og:type\" content=\"article\" \/>\n<meta property=\"og:title\" content=\"K\u00e9pgal\u00e9ria arch\u00edvum - 2013 j\u00falius 21 - Reg\u00e9l\u0151 Feh\u00e9r T\u00e1ltos Dobcsapat\" \/>\n<meta property=\"og:description\" content=\"GAL\u00c9RIA2013. j\u00falius 21. Ami\u00e9rt a harang sz\u00f3l \u2013 N\u00e1ndorfeh\u00e9rv\u00e1r 1456\" \/>\n<meta property=\"og:url\" content=\"https:\/\/www.taltosdob.hu\/index.php\/kepgaleria-archivum-2013-julius-21\/\" \/>\n<meta property=\"og:site_name\" content=\"Reg\u00e9l\u0151 Feh\u00e9r T\u00e1ltos Dobcsapat\" \/>\n<meta property=\"article:modified_time\" content=\"2021-11-01T17:44:38+00:00\" \/>\n<meta name=\"twitter:card\" content=\"summary_large_image\" \/>\n<meta name=\"twitter:label1\" content=\"Becs\u00fclt olvas\u00e1si id\u0151\" \/>\n\t<meta name=\"twitter:data1\" content=\"1 perc\" \/>\n<script type=\"application\/ld+json\" class=\"yoast-schema-graph\">{\"@context\":\"https:\\\/\\\/schema.org\",\"@graph\":[{\"@type\":\"WebPage\",\"@id\":\"https:\\\/\\\/www.taltosdob.hu\\\/index.php\\\/kepgaleria-archivum-2013-julius-21\\\/\",\"url\":\"https:\\\/\\\/www.taltosdob.hu\\\/index.php\\\/kepgaleria-archivum-2013-julius-21\\\/\",\"name\":\"K\u00e9pgal\u00e9ria arch\u00edvum - 2013 j\u00falius 21 - Reg\u00e9l\u0151 Feh\u00e9r T\u00e1ltos Dobcsapat\",\"isPartOf\":{\"@id\":\"https:\\\/\\\/www.taltosdob.hu\\\/#website\"},\"datePublished\":\"2021-11-01T17:41:44+00:00\",\"dateModified\":\"2021-11-01T17:44:38+00:00\",\"breadcrumb\":{\"@id\":\"https:\\\/\\\/www.taltosdob.hu\\\/index.php\\\/kepgaleria-archivum-2013-julius-21\\\/#breadcrumb\"},\"inLanguage\":\"hu\",\"potentialAction\":[{\"@type\":\"ReadAction\",\"target\":[\"https:\\\/\\\/www.taltosdob.hu\\\/index.php\\\/kepgaleria-archivum-2013-julius-21\\\/\"]}]},{\"@type\":\"BreadcrumbList\",\"@id\":\"https:\\\/\\\/www.taltosdob.hu\\\/index.php\\\/kepgaleria-archivum-2013-julius-21\\\/#breadcrumb\",\"itemListElement\":[{\"@type\":\"ListItem\",\"position\":1,\"name\":\"Kezd\u0151lap\",\"item\":\"https:\\\/\\\/www.taltosdob.hu\\\/\"},{\"@type\":\"ListItem\",\"position\":2,\"name\":\"K\u00e9pgal\u00e9ria arch\u00edvum &#8211; 2013 j\u00falius 21\"}]},{\"@type\":\"WebSite\",\"@id\":\"https:\\\/\\\/www.taltosdob.hu\\\/#website\",\"url\":\"https:\\\/\\\/www.taltosdob.hu\\\/\",\"name\":\"Reg\u00e9l\u0151 Feh\u00e9r T\u00e1ltos Dobcsapat\",\"description\":\"...egy \u00fajabb WordPress honlap...\",\"potentialAction\":[{\"@type\":\"SearchAction\",\"target\":{\"@type\":\"EntryPoint\",\"urlTemplate\":\"https:\\\/\\\/www.taltosdob.hu\\\/?s={search_term_string}\"},\"query-input\":{\"@type\":\"PropertyValueSpecification\",\"valueRequired\":true,\"valueName\":\"search_term_string\"}}],\"inLanguage\":\"hu\"}]}<\/script>\n<!-- \/ Yoast SEO plugin. -->","yoast_head_json":{"title":"K\u00e9pgal\u00e9ria arch\u00edvum - 2013 j\u00falius 21 - Reg\u00e9l\u0151 Feh\u00e9r T\u00e1ltos Dobcsapat","robots":{"index":"index","follow":"follow","max-snippet":"max-snippet:-1","max-image-preview":"max-image-preview:large","max-video-preview":"max-video-preview:-1"},"canonical":"https:\/\/www.taltosdob.hu\/index.php\/kepgaleria-archivum-2013-julius-21\/","og_locale":"hu_HU","og_type":"article","og_title":"K\u00e9pgal\u00e9ria arch\u00edvum - 2013 j\u00falius 21 - Reg\u00e9l\u0151 Feh\u00e9r T\u00e1ltos Dobcsapat","og_description":"GAL\u00c9RIA2013. j\u00falius 21. Ami\u00e9rt a harang sz\u00f3l \u2013 N\u00e1ndorfeh\u00e9rv\u00e1r 1456","og_url":"https:\/\/www.taltosdob.hu\/index.php\/kepgaleria-archivum-2013-julius-21\/","og_site_name":"Reg\u00e9l\u0151 Feh\u00e9r T\u00e1ltos Dobcsapat","article_modified_time":"2021-11-01T17:44:38+00:00","twitter_card":"summary_large_image","twitter_misc":{"Becs\u00fclt olvas\u00e1si id\u0151":"1 perc"},"schema":{"@context":"https:\/\/schema.org","@graph":[{"@type":"WebPage","@id":"https:\/\/www.taltosdob.hu\/index.php\/kepgaleria-archivum-2013-julius-21\/","url":"https:\/\/www.taltosdob.hu\/index.php\/kepgaleria-archivum-2013-julius-21\/","name":"K\u00e9pgal\u00e9ria arch\u00edvum - 2013 j\u00falius 21 - Reg\u00e9l\u0151 Feh\u00e9r T\u00e1ltos Dobcsapat","isPartOf":{"@id":"https:\/\/www.taltosdob.hu\/#website"},"datePublished":"2021-11-01T17:41:44+00:00","dateModified":"2021-11-01T17:44:38+00:00","breadcrumb":{"@id":"https:\/\/www.taltosdob.hu\/index.php\/kepgaleria-archivum-2013-julius-21\/#breadcrumb"},"inLanguage":"hu","potentialAction":[{"@type":"ReadAction","target":["https:\/\/www.taltosdob.hu\/index.php\/kepgaleria-archivum-2013-julius-21\/"]}]},{"@type":"BreadcrumbList","@id":"https:\/\/www.taltosdob.hu\/index.php\/kepgaleria-archivum-2013-julius-21\/#breadcrumb","itemListElement":[{"@type":"ListItem","position":1,"name":"Kezd\u0151lap","item":"https:\/\/www.taltosdob.hu\/"},{"@type":"ListItem","position":2,"name":"K\u00e9pgal\u00e9ria arch\u00edvum &#8211; 2013 j\u00falius 21"}]},{"@type":"WebSite","@id":"https:\/\/www.taltosdob.hu\/#website","url":"https:\/\/www.taltosdob.hu\/","name":"Reg\u00e9l\u0151 Feh\u00e9r T\u00e1ltos Dobcsapat","description":"...egy \u00fajabb WordPress honlap...","potentialAction":[{"@type":"SearchAction","target":{"@type":"EntryPoint","urlTemplate":"https:\/\/www.taltosdob.hu\/?s={search_term_string}"},"query-input":{"@type":"PropertyValueSpecification","valueRequired":true,"valueName":"search_term_string"}}],"inLanguage":"hu"}]}},"_links":{"self":[{"href":"https:\/\/www.taltosdob.hu\/index.php\/wp-json\/wp\/v2\/pages\/927","targetHints":{"allow":["GET"]}}],"collection":[{"href":"https:\/\/www.taltosdob.hu\/index.php\/wp-json\/wp\/v2\/pages"}],"about":[{"href":"https:\/\/www.taltosdob.hu\/index.php\/wp-json\/wp\/v2\/types\/page"}],"author":[{"embeddable":true,"href":"https:\/\/www.taltosdob.hu\/index.php\/wp-json\/wp\/v2\/users\/1"}],"replies":[{"embeddable":true,"href":"https:\/\/www.taltosdob.hu\/index.php\/wp-json\/wp\/v2\/comments?post=927"}],"version-history":[{"count":4,"href":"https:\/\/www.taltosdob.hu\/index.php\/wp-json\/wp\/v2\/pages\/927\/revisions"}],"predecessor-version":[{"id":934,"href":"https:\/\/www.taltosdob.hu\/index.php\/wp-json\/wp\/v2\/pages\/927\/revisions\/934"}],"wp:attachment":[{"href":"https:\/\/www.taltosdob.hu\/index.php\/wp-json\/wp\/v2\/media?parent=927"}],"curies":[{"name":"wp","href":"https:\/\/api.w.org\/{rel}","templated":true}]}}